{"id":362,"date":"2006-12-28T12:51:04","date_gmt":"2006-12-28T18:51:04","guid":{"rendered":"http:\/\/comicgeekos.com\/blog\/?page_id=362"},"modified":"2016-10-04T14:24:24","modified_gmt":"2016-10-04T20:24:24","slug":"comunicate-con-nosotros","status":"publish","type":"page","link":"https:\/\/www.comicgeekos.com\/blog\/comunicate-con-nosotros\/","title":{"rendered":"Comun\u00edcate con nosotros"},"content":{"rendered":"<p><a href=\"http:\/\/comicgeekos.com\/blog\/wp-content\/uploads\/2006\/12\/iStock_000010412786Smaller.jpg\"><img loading=\"lazy\" decoding=\"async\" class=\"alignleft size-full wp-image-2364\" title=\"iStock_000010412786Smaller\" src=\"http:\/\/comicgeekos.com\/blog\/wp-content\/uploads\/2006\/12\/iStock_000010412786Smaller.jpg\" alt=\"\" width=\"267\" height=\"400\" srcset=\"https:\/\/www.comicgeekos.com\/blog\/wp-content\/uploads\/2006\/12\/iStock_000010412786Smaller.jpg 267w, https:\/\/www.comicgeekos.com\/blog\/wp-content\/uploads\/2006\/12\/iStock_000010412786Smaller-200x300.jpg 200w\" sizes=\"auto, (max-width: 267px) 100vw, 267px\" \/><\/a>Hay varias formas de ponerse en contacto con nosotros:<\/p>\n<ul>\n<li>Escr\u00edbenos a <strong>nuestra direcci\u00f3n de correo<\/strong>: <strong>comicgeekos (arroba) gmail.com<\/strong>. Anastacio recibe y organiza todos los correos que recibimos cada semana y nos prepara el listado de correos que leemos en el show. Si no leemos su correo, sigan intentando. Ayuda mucho si el correo es breve y, como dicen los dermat\u00f3logos, al grano!<\/li>\n<li>Deja un comentario en nuestro blog&#8230; hay un enlace en cada posting para poder escribir un comentario.<\/li>\n<li>Participa en excelentes conversaciones en la <a href=\"https:\/\/plus.google.com\/communities\/107259046709648102296\">comunidad Geeka en Google+<\/a>, adonde siempre hay algo nuevo de qu\u00e9 hablar.<\/li>\n<li>Si nos quieres mandar un saludo por mp3, asegurate que sea menos de 2 minutos y con gusto lo ponemos en el show.\u00a0M\u00e1ndalo\u00a0siempre a nuestra cuenta de correo.<\/li>\n<\/ul>\n","protected":false},"excerpt":{"rendered":"<p>Hay varias formas de ponerse en contacto con nosotros: Escr\u00edbenos a nuestra direcci\u00f3n de correo: comicgeekos (arroba) gmail.com. Anastacio recibe y organiza todos los correos que recibimos cada semana y nos prepara el listado de correos que leemos en el show. Si no leemos su correo, sigan intentando. Ayuda mucho si el correo es breve [&hellip;]<\/p>\n","protected":false},"author":2,"featured_media":0,"parent":0,"menu_order":0,"comment_status":"open","ping_status":"open","template":"","meta":{"jetpack_post_was_ever_published":false,"footnotes":""},"class_list":["post-362","page","type-page","status-publish","hentry"],"jetpack_shortlink":"https:\/\/wp.me\/P39tNz-5Q","jetpack_sharing_enabled":true,"jetpack-related-posts":[{"id":281,"url":"https:\/\/www.comicgeekos.com\/blog\/album-de-fotos\/","url_meta":{"origin":362,"position":0},"title":"Galer\u00eda de Portadas","author":"Omarman","date":"August 2, 2006","format":false,"excerpt":"A trav\u00e9s de los a\u00f1os hemos tenido la suerte de ser testigos de la creatividad geeka en cuanto a la producci\u00f3n de portadas. Ah\u00ed no contamos nuestros pat\u00e9ticos intentos, que usualmente se resumen en tomar una foto y agregar un texto alusivo al tema del episodio. En lugar de eso\u2026","rel":"","context":"In &quot;noticias&quot;","block_context":{"text":"noticias","link":"https:\/\/www.comicgeekos.com\/blog\/category\/noticias\/"},"img":{"alt_text":"","src":"https:\/\/i0.wp.com\/www.comicgeekos.com\/blog\/wp-content\/uploads\/2014\/09\/CG052-150x150.jpg?resize=350%2C200&ssl=1","width":350,"height":200},"classes":[]},{"id":12495,"url":"https:\/\/www.comicgeekos.com\/blog\/traduccionario-al-espanol\/","url_meta":{"origin":362,"position":1},"title":"Traduccionario al espa\u00f1ol","author":"ticoman","date":"February 13, 2013","format":false,"excerpt":"Por petici\u00f3n popular, aqu\u00ed les va un listado traducido de t\u00e9rminos Salvadore\u00f1os que hemos usado durante el programa. Por supuesto no est\u00e1 completo, pero hay suficiente para empezar a entender de qu\u00e9 estamos hablando. Si tienen alg\u00fan t\u00e9rmino que los dej\u00f3 perplejos y que no est\u00e1 inclu\u00eddo en este listado\u2026","rel":"","context":"With 19 comments","block_context":{"text":"With 19 comments","link":"https:\/\/www.comicgeekos.com\/blog\/traduccionario-al-espanol\/#comments"},"img":{"alt_text":"","src":"","width":0,"height":0},"classes":[]},{"id":17822,"url":"https:\/\/www.comicgeekos.com\/blog\/listado-de-episodios\/","url_meta":{"origin":362,"position":2},"title":"Listado de episodios","author":"ticoman","date":"September 19, 2014","format":false,"excerpt":"Aqu\u00ed est\u00e1n todos los episodios de Comic Geekos en un solo y (ojal\u00e1) conveniente listado, con su respectivo enlace al post original. Si hay enlace roto o episodio que no baja nos pueden poner el comentario aqu\u00ed o siempre a comicgeekos (arroba) gmail.com! EDIT: Debido al costo de hosting para\u2026","rel":"","context":"With 9 comments","block_context":{"text":"With 9 comments","link":"https:\/\/www.comicgeekos.com\/blog\/listado-de-episodios\/#comments"},"img":{"alt_text":"","src":"","width":0,"height":0},"classes":[]}],"_links":{"self":[{"href":"https:\/\/www.comicgeekos.com\/blog\/wp-json\/wp\/v2\/pages\/362","targetHints":{"allow":["GET"]}}],"collection":[{"href":"https:\/\/www.comicgeekos.com\/blog\/wp-json\/wp\/v2\/pages"}],"about":[{"href":"https:\/\/www.comicgeekos.com\/blog\/wp-json\/wp\/v2\/types\/page"}],"author":[{"embeddable":true,"href":"https:\/\/www.comicgeekos.com\/blog\/wp-json\/wp\/v2\/users\/2"}],"replies":[{"embeddable":true,"href":"https:\/\/www.comicgeekos.com\/blog\/wp-json\/wp\/v2\/comments?post=362"}],"version-history":[{"count":5,"href":"https:\/\/www.comicgeekos.com\/blog\/wp-json\/wp\/v2\/pages\/362\/revisions"}],"predecessor-version":[{"id":23218,"href":"https:\/\/www.comicgeekos.com\/blog\/wp-json\/wp\/v2\/pages\/362\/revisions\/23218"}],"wp:attachment":[{"href":"https:\/\/www.comicgeekos.com\/blog\/wp-json\/wp\/v2\/media?parent=362"}],"curies":[{"name":"wp","href":"https:\/\/api.w.org\/{rel}","templated":true}]}}