{"id":23776,"date":"2017-01-29T11:46:52","date_gmt":"2017-01-29T17:46:52","guid":{"rendered":"http:\/\/comicgeekos.com\/blog\/?page_id=23776"},"modified":"2017-01-29T11:46:52","modified_gmt":"2017-01-29T17:46:52","slug":"episodios-en-video","status":"publish","type":"page","link":"https:\/\/www.comicgeekos.com\/blog\/episodios-en-video\/","title":{"rendered":"Episodios en video"},"content":{"rendered":"<p>Desde que volvimos a habilitar el estudio A despu\u00e9s del incendio (relato en el <a href=\"http:\/\/comicgeekos.com\/blog\/?p=21704\" target=\"_blank\">episodio 556<\/a>), grabamos episodios al mismo tiempo que hacemos <em>livestream<\/em> en YouTube.  Aqu\u00ed les dejamos el <em>playlist<\/em> con el archivo de episodios en video, o pueden ir a nuestro <a href=\"https:\/\/www.youtube.com\/channel\/UCFhjWS4gv6hjVEc_Qp4BBUw\">canal de YouTube<\/a>:<\/p>\n<p><iframe loading=\"lazy\" width=\"540\" height=\"305\" src=\"https:\/\/www.youtube.com\/embed\/videoseries?list=PLtWR7sTn_MCzpMgSml-Ozf4XsIggiOU4V\" frameborder=\"0\" allowfullscreen><\/iframe><\/p>\n","protected":false},"excerpt":{"rendered":"<p>Desde que volvimos a habilitar el estudio A despu\u00e9s del incendio (relato en el episodio 556), grabamos episodios al mismo tiempo que hacemos livestream en YouTube. Aqu\u00ed les dejamos el playlist con el archivo de episodios en video, o pueden ir a nuestro canal de YouTube:<\/p>\n","protected":false},"author":4,"featured_media":0,"parent":0,"menu_order":0,"comment_status":"closed","ping_status":"closed","template":"","meta":{"jetpack_post_was_ever_published":false,"footnotes":""},"class_list":["post-23776","page","type-page","status-publish","hentry"],"jetpack_shortlink":"https:\/\/wp.me\/P39tNz-6bu","jetpack_sharing_enabled":true,"jetpack-related-posts":[{"id":281,"url":"https:\/\/www.comicgeekos.com\/blog\/album-de-fotos\/","url_meta":{"origin":23776,"position":0},"title":"Galer\u00eda de Portadas","author":"Omarman","date":"August 2, 2006","format":false,"excerpt":"A trav\u00e9s de los a\u00f1os hemos tenido la suerte de ser testigos de la creatividad geeka en cuanto a la producci\u00f3n de portadas. Ah\u00ed no contamos nuestros pat\u00e9ticos intentos, que usualmente se resumen en tomar una foto y agregar un texto alusivo al tema del episodio. En lugar de eso\u2026","rel":"","context":"In &quot;noticias&quot;","block_context":{"text":"noticias","link":"https:\/\/www.comicgeekos.com\/blog\/category\/noticias\/"},"img":{"alt_text":"","src":"https:\/\/i0.wp.com\/www.comicgeekos.com\/blog\/wp-content\/uploads\/2014\/09\/CG052-150x150.jpg?resize=350%2C200&ssl=1","width":350,"height":200},"classes":[]},{"id":17822,"url":"https:\/\/www.comicgeekos.com\/blog\/listado-de-episodios\/","url_meta":{"origin":23776,"position":1},"title":"Listado de episodios","author":"ticoman","date":"September 19, 2014","format":false,"excerpt":"Aqu\u00ed est\u00e1n todos los episodios de Comic Geekos en un solo y (ojal\u00e1) conveniente listado, con su respectivo enlace al post original. Si hay enlace roto o episodio que no baja nos pueden poner el comentario aqu\u00ed o siempre a comicgeekos (arroba) gmail.com! EDIT: Debido al costo de hosting para\u2026","rel":"","context":"With 9 comments","block_context":{"text":"With 9 comments","link":"https:\/\/www.comicgeekos.com\/blog\/listado-de-episodios\/#comments"},"img":{"alt_text":"","src":"","width":0,"height":0},"classes":[]}],"_links":{"self":[{"href":"https:\/\/www.comicgeekos.com\/blog\/wp-json\/wp\/v2\/pages\/23776","targetHints":{"allow":["GET"]}}],"collection":[{"href":"https:\/\/www.comicgeekos.com\/blog\/wp-json\/wp\/v2\/pages"}],"about":[{"href":"https:\/\/www.comicgeekos.com\/blog\/wp-json\/wp\/v2\/types\/page"}],"author":[{"embeddable":true,"href":"https:\/\/www.comicgeekos.com\/blog\/wp-json\/wp\/v2\/users\/4"}],"replies":[{"embeddable":true,"href":"https:\/\/www.comicgeekos.com\/blog\/wp-json\/wp\/v2\/comments?post=23776"}],"version-history":[{"count":4,"href":"https:\/\/www.comicgeekos.com\/blog\/wp-json\/wp\/v2\/pages\/23776\/revisions"}],"predecessor-version":[{"id":23781,"href":"https:\/\/www.comicgeekos.com\/blog\/wp-json\/wp\/v2\/pages\/23776\/revisions\/23781"}],"wp:attachment":[{"href":"https:\/\/www.comicgeekos.com\/blog\/wp-json\/wp\/v2\/media?parent=23776"}],"curies":[{"name":"wp","href":"https:\/\/api.w.org\/{rel}","templated":true}]}}