{"id":22934,"date":"2016-08-18T12:17:47","date_gmt":"2016-08-18T18:17:47","guid":{"rendered":"http:\/\/comicgeekos.com\/blog\/?page_id=22934"},"modified":"2016-08-18T12:18:24","modified_gmt":"2016-08-18T18:18:24","slug":"playlist-geeko","status":"publish","type":"page","link":"https:\/\/www.comicgeekos.com\/blog\/playlist-geeko\/","title":{"rendered":"Playlist Geeko"},"content":{"rendered":"<p>Esta es la m\u00fasica que aparace en el show o que de alguna forma est\u00e1 relacionada con lo que hacemos en Comic Geekos!<\/p>\n<p>&nbsp;<\/p>\n<p><iframe loading=\"lazy\" src=\"https:\/\/embed.spotify.com\/?uri=spotify%3Auser%3A12127899169%3Aplaylist%3A7bQP5mKIaJNf56gtvr2MJS\" width=\"300\" height=\"380\" frameborder=\"0\" allowtransparency=\"true\"><\/iframe><\/p>\n","protected":false},"excerpt":{"rendered":"<p>Esta es la m\u00fasica que aparace en el show o que de alguna forma est\u00e1 relacionada con lo que hacemos en Comic Geekos! &nbsp;<\/p>\n","protected":false},"author":2,"featured_media":0,"parent":0,"menu_order":0,"comment_status":"closed","ping_status":"closed","template":"","meta":{"jetpack_post_was_ever_published":false,"footnotes":""},"class_list":["post-22934","page","type-page","status-publish","hentry"],"jetpack_shortlink":"https:\/\/wp.me\/P39tNz-5XU","jetpack_sharing_enabled":true,"jetpack-related-posts":[{"id":12495,"url":"https:\/\/www.comicgeekos.com\/blog\/traduccionario-al-espanol\/","url_meta":{"origin":22934,"position":0},"title":"Traduccionario al espa\u00f1ol","author":"ticoman","date":"February 13, 2013","format":false,"excerpt":"Por petici\u00f3n popular, aqu\u00ed les va un listado traducido de t\u00e9rminos Salvadore\u00f1os que hemos usado durante el programa. Por supuesto no est\u00e1 completo, pero hay suficiente para empezar a entender de qu\u00e9 estamos hablando. Si tienen alg\u00fan t\u00e9rmino que los dej\u00f3 perplejos y que no est\u00e1 inclu\u00eddo en este listado\u2026","rel":"","context":"With 19 comments","block_context":{"text":"With 19 comments","link":"https:\/\/www.comicgeekos.com\/blog\/traduccionario-al-espanol\/#comments"},"img":{"alt_text":"","src":"","width":0,"height":0},"classes":[]},{"id":23776,"url":"https:\/\/www.comicgeekos.com\/blog\/episodios-en-video\/","url_meta":{"origin":22934,"position":1},"title":"Episodios en video","author":"ticoman","date":"January 29, 2017","format":false,"excerpt":"Desde que volvimos a habilitar el estudio A despu\u00e9s del incendio (relato en el episodio 556), grabamos episodios al mismo tiempo que hacemos livestream en YouTube. Aqu\u00ed les dejamos el playlist con el archivo de episodios en video, o pueden ir a nuestro canal de YouTube:","rel":"","context":"Similar post","block_context":{"text":"Similar post","link":""},"img":{"alt_text":"","src":"","width":0,"height":0},"classes":[]},{"id":281,"url":"https:\/\/www.comicgeekos.com\/blog\/album-de-fotos\/","url_meta":{"origin":22934,"position":2},"title":"Galer\u00eda de Portadas","author":"Omarman","date":"August 2, 2006","format":false,"excerpt":"A trav\u00e9s de los a\u00f1os hemos tenido la suerte de ser testigos de la creatividad geeka en cuanto a la producci\u00f3n de portadas. Ah\u00ed no contamos nuestros pat\u00e9ticos intentos, que usualmente se resumen en tomar una foto y agregar un texto alusivo al tema del episodio. En lugar de eso\u2026","rel":"","context":"In &quot;noticias&quot;","block_context":{"text":"noticias","link":"https:\/\/www.comicgeekos.com\/blog\/category\/noticias\/"},"img":{"alt_text":"","src":"https:\/\/i0.wp.com\/www.comicgeekos.com\/blog\/wp-content\/uploads\/2014\/09\/CG052-150x150.jpg?resize=350%2C200&ssl=1","width":350,"height":200},"classes":[]},{"id":362,"url":"https:\/\/www.comicgeekos.com\/blog\/comunicate-con-nosotros\/","url_meta":{"origin":22934,"position":3},"title":"Comun\u00edcate con nosotros","author":"Omarman","date":"December 28, 2006","format":false,"excerpt":"Hay varias formas de ponerse en contacto con nosotros: Escr\u00edbenos a nuestra direcci\u00f3n de correo: comicgeekos (arroba) gmail.com. Anastacio recibe y organiza todos los correos que recibimos cada semana y nos prepara el listado de correos que leemos en el show. Si no leemos su correo, sigan intentando. Ayuda mucho\u2026","rel":"","context":"In &quot;noticias&quot;","block_context":{"text":"noticias","link":"https:\/\/www.comicgeekos.com\/blog\/category\/noticias\/"},"img":{"alt_text":"","src":"https:\/\/i0.wp.com\/comicgeekos.com\/blog\/wp-content\/uploads\/2006\/12\/iStock_000010412786Smaller.jpg?resize=350%2C200","width":350,"height":200},"classes":[]},{"id":17822,"url":"https:\/\/www.comicgeekos.com\/blog\/listado-de-episodios\/","url_meta":{"origin":22934,"position":4},"title":"Listado de episodios","author":"ticoman","date":"September 19, 2014","format":false,"excerpt":"Aqu\u00ed est\u00e1n todos los episodios de Comic Geekos en un solo y (ojal\u00e1) conveniente listado, con su respectivo enlace al post original. Si hay enlace roto o episodio que no baja nos pueden poner el comentario aqu\u00ed o siempre a comicgeekos (arroba) gmail.com! EDIT: Debido al costo de hosting para\u2026","rel":"","context":"With 9 comments","block_context":{"text":"With 9 comments","link":"https:\/\/www.comicgeekos.com\/blog\/listado-de-episodios\/#comments"},"img":{"alt_text":"","src":"","width":0,"height":0},"classes":[]},{"id":33610,"url":"https:\/\/www.comicgeekos.com\/blog\/donaciones\/","url_meta":{"origin":22934,"position":5},"title":"Donaciones","author":"Omarman","date":"November 25, 2025","format":false,"excerpt":"Ayudenos a costear la producci\u00f3n del show con su donaci\u00f3n.","rel":"","context":"Similar post","block_context":{"text":"Similar post","link":""},"img":{"alt_text":"","src":"https:\/\/i0.wp.com\/www.paypal.com\/en_US\/i\/scr\/pixel.gif?resize=350%2C200&ssl=1","width":350,"height":200},"classes":[]}],"_links":{"self":[{"href":"https:\/\/www.comicgeekos.com\/blog\/wp-json\/wp\/v2\/pages\/22934","targetHints":{"allow":["GET"]}}],"collection":[{"href":"https:\/\/www.comicgeekos.com\/blog\/wp-json\/wp\/v2\/pages"}],"about":[{"href":"https:\/\/www.comicgeekos.com\/blog\/wp-json\/wp\/v2\/types\/page"}],"author":[{"embeddable":true,"href":"https:\/\/www.comicgeekos.com\/blog\/wp-json\/wp\/v2\/users\/2"}],"replies":[{"embeddable":true,"href":"https:\/\/www.comicgeekos.com\/blog\/wp-json\/wp\/v2\/comments?post=22934"}],"version-history":[{"count":2,"href":"https:\/\/www.comicgeekos.com\/blog\/wp-json\/wp\/v2\/pages\/22934\/revisions"}],"predecessor-version":[{"id":22936,"href":"https:\/\/www.comicgeekos.com\/blog\/wp-json\/wp\/v2\/pages\/22934\/revisions\/22936"}],"wp:attachment":[{"href":"https:\/\/www.comicgeekos.com\/blog\/wp-json\/wp\/v2\/media?parent=22934"}],"curies":[{"name":"wp","href":"https:\/\/api.w.org\/{rel}","templated":true}]}}