{"id":12495,"date":"2013-02-13T08:58:24","date_gmt":"2013-02-13T14:58:24","guid":{"rendered":"http:\/\/comicgeekos.com\/blog\/?page_id=12495"},"modified":"2019-08-07T09:36:00","modified_gmt":"2019-08-07T15:36:00","slug":"traduccionario-al-espanol","status":"publish","type":"page","link":"https:\/\/www.comicgeekos.com\/blog\/traduccionario-al-espanol\/","title":{"rendered":"Traduccionario al espa\u00f1ol"},"content":{"rendered":"<p><a name=\"TOP\"><\/a>Por petici\u00f3n popular, aqu\u00ed les va un listado traducido de t\u00e9rminos Salvadore\u00f1os que hemos usado durante el programa. Por supuesto no est\u00e1 completo, pero hay suficiente para empezar a entender de qu\u00e9 estamos hablando. Si tienen alg\u00fan t\u00e9rmino que los dej\u00f3 perplejos y que no est\u00e1 inclu\u00eddo en este listado por favor nos lo hacen llegar y lo agregamos.<\/p>\n<p>Queremos agradecer a Ciro (hermano mayor del Sensei) por hacer pr\u00e1cticamente todo el trabajo, ya que nuestra labor se redujo a compilar los listados que ha posteado a lo largo de los a\u00f1os y ponerlos en un s\u00f3lo lugar:<\/p>\n<p><a href=\"http:\/\/comicgeekos.com\/blog\/?page_id=12495#Letra_A\" target=\"_self\" rel=\"noopener noreferrer\">A<\/a> &#8211; <a href=\"http:\/\/comicgeekos.com\/blog\/?page_id=12495#Letra_B\" target=\"_self\" rel=\"noopener noreferrer\">B<\/a> &#8211; <a href=\"http:\/\/comicgeekos.com\/blog\/?page_id=12495#Letra_C\" target=\"_self\" rel=\"noopener noreferrer\">C<\/a> &#8211;  <a href=\"http:\/\/comicgeekos.com\/blog\/?page_id=12495#Letra_CH\" target=\"_self\" rel=\"noopener noreferrer\">CH<\/a> &#8211; <a href=\"http:\/\/comicgeekos.com\/blog\/?page_id=12495#Letra_D\" target=\"_self\" rel=\"noopener noreferrer\">D<\/a> &#8211; <a href=\"http:\/\/comicgeekos.com\/blog\/?page_id=12495#Letra_E\" target=\"_self\" rel=\"noopener noreferrer\">E<\/a> &#8211;  <a href=\"http:\/\/comicgeekos.com\/blog\/?page_id=12495#Letra_F\" target=\"_self\" rel=\"noopener noreferrer\">F<\/a> &#8211;  <a href=\"http:\/\/comicgeekos.com\/blog\/?page_id=12495#Letra_G\" target=\"_self\" rel=\"noopener noreferrer\">G<\/a> &#8211; <a href=\"http:\/\/comicgeekos.com\/blog\/?page_id=12495#Letra_H\" target=\"_self\" rel=\"noopener noreferrer\">H<\/a> &#8211; <a href=\"http:\/\/comicgeekos.com\/blog\/?page_id=12495#Letra_I\" target=\"_self\" rel=\"noopener noreferrer\">I<\/a> &#8211; <a href=\"http:\/\/comicgeekos.com\/blog\/?page_id=12495#Letra_J\" target=\"_self\" rel=\"noopener noreferrer\">J<\/a> &#8211; <a href=\"http:\/\/comicgeekos.com\/blog\/?page_id=12495#Letra_K\" target=\"_self\" rel=\"noopener noreferrer\">K<\/a> &#8211; <a href=\"http:\/\/comicgeekos.com\/blog\/?page_id=12495#Letra_M\" target=\"_self\" rel=\"noopener noreferrer\">M<\/a> &#8211; <a href=\"http:\/\/comicgeekos.com\/blog\/?page_id=12495#Letra_P\" target=\"_self\" rel=\"noopener noreferrer\">P<\/a> &#8211; <a href=\"http:\/\/comicgeekos.com\/blog\/?page_id=12495#Letra_S\" target=\"_self\" rel=\"noopener noreferrer\">S<\/a> &#8211; <a href=\"http:\/\/comicgeekos.com\/blog\/?page_id=12495#Letra_T\" target=\"_self\" rel=\"noopener noreferrer\">T<\/a> &#8211; <a href=\"http:\/\/comicgeekos.com\/blog\/?page_id=12495#Letra_V\" target=\"_self\" rel=\"noopener noreferrer\">V<\/a> &#8211; <a href=\"http:\/\/comicgeekos.com\/blog\/?page_id=12495#Letra_Y\" target=\"_self\" rel=\"noopener noreferrer\">Y<\/a> &#8211; <a href=\"http:\/\/comicgeekos.com\/blog\/?page_id=12495#Letra_Z\" target=\"_self\" rel=\"noopener noreferrer\">Z<\/a><\/p>\n<p><a name=\"Letra_A\"><\/a>&#8212;&#8212;&#8212;&#8212;&#8212;&#8212;&#8212;&#8212;<br \/>\n<strong>A<\/strong><\/p>\n<p>amontonar: acto entre parejas donde se besuquean sin mayor consideraci\u00f3n de cualquier cosa que est\u00e9 pasando a su entorno.<\/p>\n<p>ausolutamente: pend. por absolutamente &#8211;<\/p>\n<p><a href=\"http:\/\/comicgeekos.com\/blog\/?page_id=12495#TOP\" target=\"_self\" rel=\"noopener noreferrer\">^-volver<\/a><\/p>\n<p><a name=\"Letra_B\"><\/a>&#8212;&#8212;&#8212;&#8212;&#8212;&#8212;&#8211;<br \/>\n<strong>B<\/strong><\/p>\n<p>baboso adj.: d\u00edcese de aqu\u00e9l o aquello que babea n.: familiar para tipo, t\u00edo (Esp.), persona<\/p>\n<p>Bayuncada = previamente explicado en otro podcast, de: \u201cbayunco\u201d rid\u00edculo, inmaduro<\/p>\n<p>bicho n.: (explicado anteriormente) fam. para ni\u00f1o, joven, (mex.: chavo, buki, plebe esp.:chaval) sin.: cipote<\/p>\n<p>&#8220;bien filudo&#8221; &#8211; .: &#8220;grencho&#8221; para muy filoso<\/p>\n<p>bolo: adj. n.: borracho, ebrio<\/p>\n<p>buzo n.: persona que se sumerge bajo el mar por deporte, pesca, etc. adj.: alerta, a la expectativa, listo (p\u00f3ngase buzo = mant\u00e9ngase alerta, est\u00e9 pendiente, av\u00edvese) sin.: abusado (mex)<\/p>\n<p><a href=\"http:\/\/comicgeekos.com\/blog\/?page_id=12495#TOP\" target=\"_self\" rel=\"noopener noreferrer\">^-volver<\/a><\/p>\n<p><a name=\"Letra_C\"><\/a>&#8212;&#8212;&#8212;&#8212;&#8212;&#8212;&#8211;<br \/>\n<strong>C<\/strong><\/p>\n<p>cabal: adj.: exacto, justo en peso o medida. vulg: ahue.. &#8211;<\/p>\n<p>cachimbo adv.: mont\u00f3n, mucho(s), bastante<\/p>\n<p>Casaca, Paja = Mentira (a veces) exageraci\u00f3n<\/p>\n<p>casaquear: v. acto de dar casaca o casaquear = decir mentiras, exagerar \u201cen demas\u00eda\u201d<\/p>\n<p>cerote n.: hez o pedazo de hez o humana, excremento humano. fam vulg.: para indicar desde baboso &#8211; hasta chero &#8211; (desde familiar hasta insultante o despectivo)<\/p>\n<p>cuche: n. cerdo (ya explicado)<\/p>\n<p>cuch\u00edo n.: grencho &#8211; (ver podcast 34) para cuchillo. En general, en guanakish, se tiende a eliminar la ll &#8211; \u2026ej.: s\u00eda por silla (Y eso que tiene un cuch\u00edo &#8211; Iulius)<\/p>\n<p><a href=\"http:\/\/comicgeekos.com\/blog\/?page_id=12495#TOP\" target=\"_self\" rel=\"noopener noreferrer\">^-volver<\/a><\/p>\n<p><a name=\"Letra_CH\"><\/a>&#8212;&#8212;&#8212;&#8212;&#8212;&#8212;&#8211;<br \/>\n<strong>CH<\/strong><\/p>\n<p>chabac\u00e1n: adj. grosero, (a veces, malhablados). Arg: grosos<\/p>\n<p>chacal\u00edn n.: especie de pez (pescado) (Ol\u00eda a chacal\u00edn &#8211; Britoman refiri\u00e9ndose a un doble sentido sobre el hombre mico (pidan la explicaci\u00f3n))<\/p>\n<p>chafa: adj. d\u00edcese de algo de mala calidad, mal hecho, de dudosa procedencia<\/p>\n<p>chancleta: n. chancla, huarache, sandalia<\/p>\n<p>chero n.: amigo, (la leyenda dice, que viene de ranchero)\u2026 grencho &#8211; para amigo<\/p>\n<p>cheta: n. escupida, bolo o bola de saliva, escupitajo (Britoman: Y esa gran cheta que ten\u00e9s atravesada?)<\/p>\n<p>chibol\u00f3n: n. superlativo de chibola: canica, esfera o bola de vidrio utilizada para juego de ni\u00f1os, se utiliza para indicar alguna \u201cbola\u201d<\/p>\n<p>Chiche: adj. F\u00e1cil, que cuesta poco trabajo<\/p>\n<p>chivatada n: acci\u00f3n realizada en forma extraordinaria o cool, acci\u00f3n realizada por un chivazo &#8211; o chivo &#8211; (persona con actitud, caracteristicas o presencia extraordinaria o cool) utilizada en este caso par designar al sujeto (es un gran<\/p>\n<p>chivatada: es un gran chivo\u2026 sin: es \u00fcbercool)<\/p>\n<p>chivoso &#8211; : err: chivazo &#8211; adj. d\u00edcese de persona que o bien se cree mucho o bien, destaca por alguna cualidad propia<\/p>\n<p>cholero(a): n. despectivo para aquellos que realizan tareas dom\u00e9sticas; adj.: d\u00edcese de todo aqu\u00e9l acto, obra, producto, cosa de baja calidad<\/p>\n<p>Cholerada = de \u201ccholero\u201d: de mal gusto, de baja calidad<\/p>\n<p>chorcha n.: cresta, aplicado normalmente a la cresta del gallo o gallina (aplicado en el podcast para indicar las crestas tanto de Ultraman como de Ultra Seven<\/p>\n<p>choyar v.: acto o acci\u00f3n de perder la raz\u00f3n, actuar en forma irracional (Margot Kidder se choy\u00f3 &#8211; )<\/p>\n<p>Choyadencia: n. Aumentativo de choyaz\u00f3n (n.: locura, ver choyar)<\/p>\n<p>Chucazos = de &#8220;chuco&#8221;= Cochino, sucio. Usado para mentes sucias<\/p>\n<p>chulona: adj. fem. (masc.: chul\u00f3n) desnuda, sin ropa<\/p>\n<p>chumpa: n. chaqueta, sobretodo, (mex. chamarra)<\/p>\n<p>chuquedades: v. pl. de chucho: n. sucio &#8211; suciedades, en este caso aplicado de esta forma: no andaba pensando en chuquedades &#8211; yo no ten\u00eda en ese momento la mente sucia o cochambrosa &#8211;<\/p>\n<p>churria: n. diarrea<\/p>\n<p>churros: n. alimento chatarra, parecido a los cheetos, chitos, o quesitos. Usado como \u201cbotana\u201d (mex), boquita (sal). NO son como los churros espa\u00f1oles<\/p>\n<p><a href=\"http:\/\/comicgeekos.com\/blog\/?page_id=12495#TOP\" target=\"_self\" rel=\"noopener noreferrer\">^-volver<\/a><\/p>\n<p><a name=\"Letra_D\"><\/a>&#8212;&#8212;&#8212;&#8212;&#8212;&#8212;&#8211;<br \/>\n<strong>D<\/strong><\/p>\n<p>&#8220;dar p\u00e1lida&#8221;: exp. dar miedo\u2026 (a m\u00ed me di\u00f3 p\u00e1lida esa m\u2026 Britoman)<\/p>\n<p>darse riata exp.: golpearse, pelear (riata = soga, cuerda)<\/p>\n<p>delen &#8211; .: &#8220;grencho&#8221; para denle (delen &#8211; viaje = denle viaje\u2026 exp.: denle, apres\u00farense, no le den importancia y h\u00e1ganlo, ac\u00e1benlo)<\/p>\n<p>Despije: n. Desorden, caos<\/p>\n<p>dundo: adj. tonto, tarado, lento<\/p>\n<p><a href=\"http:\/\/comicgeekos.com\/blog\/?page_id=12495#TOP\" target=\"_self\" rel=\"noopener noreferrer\">^-volver<\/a><\/p>\n<p><a name=\"Letra_E\"><\/a>&#8212;&#8212;&#8212;&#8212;&#8212;&#8212;&#8211;<br \/>\n<strong>E<\/strong><\/p>\n<p>encaramar: v.: subir, trepar, montar<\/p>\n<p>enchuflado &#8211; .: grencho &#8211; para enchufado<\/p>\n<p>estuata &#8211; : err.: estatua<\/p>\n<p><a href=\"http:\/\/comicgeekos.com\/blog\/?page_id=12495#TOP\" target=\"_self\" rel=\"noopener noreferrer\">^-volver<\/a><\/p>\n<p><a name=\"Letra_F\"><\/a>&#8212;&#8212;&#8212;&#8212;&#8212;&#8212;&#8211;<br \/>\n<strong>F<\/strong><\/p>\n<p>Filudo: adj. Con mucho filo.  Vulg. Hambriento, capaz de consumir mucha comida.<\/p>\n<p><a href=\"http:\/\/comicgeekos.com\/blog\/?page_id=12495#TOP\" target=\"_self\" rel=\"noopener noreferrer\">^-volver<\/a><\/p>\n<p><a name=\"Letra_G\"><\/a>&#8212;&#8212;&#8212;&#8212;&#8212;&#8212;&#8211;<br \/>\n<strong>G<\/strong><\/p>\n<p>gab\u00e1n n.: gabardina, sobretodo (gran gab\u00e1n &#8211; . Britoman)<\/p>\n<p>gilinduje n.: esp. para gadget, aparato, admin\u00edculo tecnol\u00f3gico, etc.<\/p>\n<p>grencho adj.: despectivo, para denotar poca cultura, d\u00edcese de aqu\u00e9l o aquello que manifiesta falta de cultura. sin.: indio, g\u00fciyo mex.: una de las posibles\u00a0ascepciones de naco<\/p>\n<p>g\u00fcimba: n. barriga, panza, tripa<\/p>\n<p>g\u00fcishte &#8211; o &#8220;wishte&#8221; &#8211; : n.: pedazo de vidrio o cristal, normalmente, las piezas que resultan de romper un objeto de vidrio, ventana<\/p>\n<p><a href=\"http:\/\/comicgeekos.com\/blog\/?page_id=12495#TOP\" target=\"_self\" rel=\"noopener noreferrer\">^-volver<\/a><\/p>\n<p><a name=\"Letra_H\"><\/a>&#8212;&#8212;&#8212;&#8212;&#8212;&#8212;&#8211;<br \/>\n<strong>H<\/strong><\/p>\n<p>&#8220;Hablar paja&#8221; &#8211; exp.: Decir mentiras, hablar incoherencias o sinsentidos, hablar en demas\u00eda, hablar mucho y por las ramas sin concluir, hablar de aquello que no se sabe<\/p>\n<p>hartar v.: comer, comer en demas\u00eda (como se utiliz\u00f3 en el podcast se hart\u00f3 el powersource &#8211; fu\u00e9 el que se hart\u00f3 a los \u00e1ngeles &#8211; ) v.: acci\u00f3n de cansar, molestar hasta el cansancio o bien ser molestado o cansarse (normalmente se utiliza como ya me hart\u00f3 &#8211; ya me cans\u00f3)<\/p>\n<p>hostigar v.: molestar, aburrir, hartar (ya me ten\u00eda hostigado = estaba aburrido, estaba harto, estaba cansado hasta el hartazgo)<\/p>\n<p>Huacal = recipiente (normalmente para contener agua) \u201cSalirse del huacal\u201d en el podcast utilizado para indicar desviaci\u00f3n de un comportamiento normal o incluso para volverse loco.<\/p>\n<p>hueviar: v. robar (en ocasiones, robar en forma descarada)<\/p>\n<p><a href=\"http:\/\/comicgeekos.com\/blog\/?page_id=12495#TOP\" target=\"_self\" rel=\"noopener noreferrer\">^-volver<\/a><\/p>\n<p><a name=\"Letra_I\"><\/a>&#8212;&#8212;&#8212;&#8212;&#8212;&#8212;&#8211;<br \/>\n<strong>I<\/strong><\/p>\n<p>ignorantoso &#8211; adj., inv.: aumentativo de ignorante. alt.: ignorante y baboso. grencho &#8211; para ignorante<\/p>\n<p><a href=\"http:\/\/comicgeekos.com\/blog\/?page_id=12495#TOP\" target=\"_self\" rel=\"noopener noreferrer\">^-volver<\/a><\/p>\n<p><a name=\"Letra_J\"><\/a>&#8212;&#8212;&#8212;&#8212;&#8212;&#8212;&#8211;<br \/>\n<strong>J<\/strong><\/p>\n<p>jelmiplis: ing. help me please<\/p>\n<p>jiotoso: adj.<\/p>\n<p>jocote de corona: n. especie de fruta tropical (Spondias purpurea) de tama\u00f1o peque\u00f1o que normalmente se come con todo y su c\u00e1scara (o \u201cpiel\u201d), de semilla grande respecto a la parte comestible (o \u201ccarne\u201d) mex: tejocote<\/p>\n<p><a href=\"http:\/\/comicgeekos.com\/blog\/?page_id=12495#TOP\" target=\"_self\" rel=\"noopener noreferrer\">^-volver<\/a><\/p>\n<p><a name=\"Letra_K\"><\/a>&#8212;&#8212;&#8212;&#8212;&#8212;&#8212;&#8211;<br \/>\n<strong>K<\/strong><\/p>\n<p>kola shampan (cola shampan): n. marca. refresco de soda color naranja hiper-glucosado que dice tener sabor a naranja. (dato curioso: en Australia cuesta 15.02 el 6 pack). [comentario al margen&#8230; soy fan]<\/p>\n<p><a href=\"http:\/\/comicgeekos.com\/blog\/?page_id=12495#TOP\" target=\"_self\" rel=\"noopener noreferrer\">^-volver<\/a><\/p>\n<p><a name=\"Letra_M\"><\/a>&#8212;&#8212;&#8212;&#8212;&#8212;&#8212;&#8211;<br \/>\n<strong>M<\/strong><\/p>\n<p>mara: grupo de personas, sin especificar tama\u00f1o (puede ser toda una poblaci\u00f3n o un grupo peque\u00f1o).  Tambi\u00e9n se refiere a las organizaciones criminales integradas por pandilleros salvadore\u00f1os.<\/p>\n<p>mechudo: adj.: de cabello largo, peludo. sin.: gre\u00f1udo<\/p>\n<p>metaformosis &#8211; : err. pend.: metamorfosis<\/p>\n<p>mololongo n.: fam. para cualquier tipo de acto sexual (quer\u00edan mololongo &#8211; Ticoman, comentando sobre Fire &amp; Ice pel\u00edcula animada de Ralph Bashki, donde Iulius indicaba algo sobre los hombres simio (que en realidad son orcos))<\/p>\n<p><a href=\"http:\/\/comicgeekos.com\/blog\/?page_id=12495#TOP\" target=\"_self\" rel=\"noopener noreferrer\">^-volver<\/a><\/p>\n<p><a name=\"Letra_P\"><\/a>&#8212;&#8212;&#8212;&#8212;&#8212;&#8212;&#8211;<br \/>\n<strong>P<\/strong><\/p>\n<p>paila: n. plato grande para servir<\/p>\n<p>paja n.: mentira o exageraci\u00f3n. sin.: barcazada &#8211; (previamente explicado)<\/p>\n<p>palmear: v. acto de morir o matar. se la deber\u00edan de haber palmeado &#8211; (la deber\u00edan haber matado)<\/p>\n<p>palom\u00edsimo: superlativo de paloma: adj. dif\u00edcil, extraordinario, incre\u00edble sin: yuca, chivo<\/p>\n<p>pando: adj. doblado, asim\u00e9trico (en ocasiones, deforme)<\/p>\n<p>pasmado: adj.: tonto, menso, tarado<\/p>\n<p>pencazo: v. de penca &#8211; (hoja carnosa de algunas plantas) golpe, trancazo<\/p>\n<p>petatear: v. morir, fallecer<\/p>\n<p>petateya: \u00a0ind. por petatea, de petatear<\/p>\n<p>pijazeo: n. pleito, pelea, d\u00edcese de la acci\u00f3n de dos o m\u00e1s personas dando y recibiendo golpes. sin: talegazeo (de pija)<\/p>\n<p>pita: n. cuerda o lazo delgado<\/p>\n<p>pisto &#8211; \u00a0dinero, billetes, chirilicas, lana<\/p>\n<p>plantoso adj.: d\u00edcese de aqu\u00e9l o aquello que impacta, que apantalla &#8211; y que es muy llamativo en su exterior<\/p>\n<p>polla n.: salivazo, escupitajo(mex.: gargajo), normalmente se define como aquella escupida preparada con tiempo e incluye secreciones de traquea y nariz<\/p>\n<p>poner a pija: exp. v.: emborrachar<\/p>\n<p>pozol: n. migaja, pedazo peque\u00f1o de aquello que se hace pedazos. (Se hizo pozol, se hizo pedazos)<\/p>\n<p>p\u00fachica, puya: exp. n.: forma menos fuerte (grosera) para la palabra p**ta. sin\u00f3nimos: rayos, demonios, maldita sea<\/p>\n<p>pupusa &#8211; comida t\u00edpica salvadore\u00f1a, b\u00fasquenla en google<\/p>\n<p><a href=\"http:\/\/comicgeekos.com\/blog\/?page_id=12495#TOP\" target=\"_self\" rel=\"noopener noreferrer\">^-volver<\/a><\/p>\n<p><a name=\"Letra_S\"><\/a>&#8212;&#8212;&#8212;&#8212;&#8212;&#8212;&#8211;<br \/>\n<strong>S<\/strong><\/p>\n<p>&#8220;se acabuche&#8221; &#8211; : exp. se acab\u00f3 (Se acabuche patecuche (pata de cuche))<\/p>\n<p>&#8220;Se la hartan\u201d = Se j#den = Se resignan<\/p>\n<p>seco: adj.: flaco, delgado<\/p>\n<p>Sig\u00fcanaba (Sihuanaba, Tzihuanaba, Tzhihuehuetl) mit.: personaje mitol\u00f3gico y de leyenda, de la que se dice era una princesa que por soberbia fu\u00e9 castigada convirti\u00e9ndola en una horrible criatura que en los atardeceres golpeaba cerca de los r\u00edos sus senos simulando el sonido familiar de una mujer lavando ropa. Los viajeros que escuchaban el sonido se acercaban buscando con inter\u00e9s en busca de la muchacha, quien aparec\u00eda ante ellos en su anterior belleza, una vez que aceptaba acompa\u00f1ar al susodicho viajero, en alg\u00fan momento, la muchacha volv\u00eda a su horrible forma asustando al viajero con distintos desenlaces.<\/p>\n<p>sorbet\u00f3n: n. superlativo de sorbete. helado, nieve.<\/p>\n<p><a href=\"http:\/\/comicgeekos.com\/blog\/?page_id=12495#TOP\" target=\"_self\" rel=\"noopener noreferrer\">^-volver<\/a><\/p>\n<p><a name=\"Letra_T\"><\/a>&#8212;&#8212;&#8212;&#8212;&#8212;&#8212;&#8211;<br \/>\n<strong>T<\/strong><\/p>\n<p>Talegazos : (aumentativos de) golpes (normalmente m\u00e1s potentes o fuertes de lo normal)<\/p>\n<p>tiper\u00eda: adj. de calidad, de lujo, de mayor costo (tenemos que sacar la vajilla de tiper\u00eda con la invitada \u2026 Ticoman)<\/p>\n<p>tlameme: n. nat. persona que era utilizado en epoca precolombina, cuyo oficion era cargar<\/p>\n<p>tripachuca &#8211; n: juego contra el ocio consistente en colocar a l\u00e1piz parejas de n\u00fameros que ser\u00e1n unidos con trazos a l\u00e1piz de manera de dejar poco espacio para los contrincantes. Pierde aqu\u00e9l cuyo trazo toque un trazo previamente hecho.<\/p>\n<p>Tripudo: adj. Gordo, panz\u00f3n<\/p>\n<p>tunblinblin: exp.: expresi\u00f3n entre de asombro, incredulidad y -a veces- molestia, equivalente a no jod*s &#8211; o no te creo &#8211; hasta qu\u00e9 estupidez &#8211;<\/p>\n<p><a href=\"http:\/\/comicgeekos.com\/blog\/?page_id=12495#TOP\" target=\"_self\" rel=\"noopener noreferrer\">^-volver<\/a><\/p>\n<p><a name=\"Letra_V\"><\/a>&#8212;&#8212;&#8212;&#8212;&#8212;&#8212;&#8211;<br \/>\n<strong>V<\/strong><\/p>\n<p>Virgo = (en ciertos casos) Bayunco = Inmaduro<\/p>\n<p>ve\u00e1.: exp. grencho &#8211; para \u00bfverdad?<\/p>\n<p>vergo adv.: vulg. para mucho, mont\u00f3n, gran cantidad de sin.: cachimbo, pu\u00f1o<\/p>\n<p>visa\u2026.visa (o avisa\u2026 avisa).: exp. grencho &#8211; para indicar, cuidado, cuidado &#8211;<\/p>\n<p>volado: n. (explicado antes, creo) cosa, referencia a algun objeto que no es capaz de ser descrito\u2026 (Mirtle le quer\u00eda ver el volado &#8211; a Harry Potter: Omarman, doble sentido: lo dejo a criterio y grado de limpieza mental)<\/p>\n<p><a href=\"http:\/\/comicgeekos.com\/blog\/?page_id=12495#TOP\" target=\"_self\" rel=\"noopener noreferrer\">^-volver<\/a><\/p>\n<p><a name=\"Letra_Y\"><\/a>&#8212;&#8212;&#8212;&#8212;&#8212;&#8212;&#8211;<br \/>\n<strong>Y<\/strong><\/p>\n<p>yuca. n: tub\u00e9rculo comestible; adj.: dif\u00edcil, complicado, impresionante (Hay algun otro superh\u00e9roe con un conflicto tan yuca? &#8211; Omarman)<\/p>\n<p><a href=\"http:\/\/comicgeekos.com\/blog\/?page_id=12495#TOP\" target=\"_self\" rel=\"noopener noreferrer\">^-volver<\/a><\/p>\n<p><a name=\"Letra_Z\"><\/a>&#8212;&#8212;&#8212;&#8212;&#8212;&#8212;&#8211;<br \/>\n<strong>Z<\/strong><\/p>\n<p>zocando &#8211; : v. infinitivo: de zocar v.: acto de preocuparse con ansiedad (est\u00e1\u00a0zocando, por ejemplo puede significar: est\u00e1 esperando con ansia)<\/p>\n<p>zopear &#8211;  v. acto de &#8220;echar el buitre&#8221; = vomitar.  Viene de Zopilote, nombre vulgar del buitre negro americano<\/p>\n<p><a href=\"http:\/\/comicgeekos.com\/blog\/?page_id=12495#TOP\" target=\"_self\" rel=\"noopener noreferrer\">^-volver<\/a><\/p>\n","protected":false},"excerpt":{"rendered":"<p>Por petici\u00f3n popular, aqu\u00ed les va un listado traducido de t\u00e9rminos Salvadore\u00f1os que hemos usado durante el programa. Por supuesto no est\u00e1 completo, pero hay suficiente para empezar a entender de qu\u00e9 estamos hablando. Si tienen alg\u00fan t\u00e9rmino que los dej\u00f3 perplejos y que no est\u00e1 inclu\u00eddo en este listado por favor nos lo hacen [&hellip;]<\/p>\n","protected":false},"author":4,"featured_media":0,"parent":0,"menu_order":0,"comment_status":"open","ping_status":"closed","template":"","meta":{"jetpack_post_was_ever_published":false,"footnotes":""},"class_list":["post-12495","page","type-page","status-publish","hentry"],"jetpack_shortlink":"https:\/\/wp.me\/P39tNz-3fx","jetpack_sharing_enabled":true,"jetpack-related-posts":[{"id":362,"url":"https:\/\/www.comicgeekos.com\/blog\/comunicate-con-nosotros\/","url_meta":{"origin":12495,"position":0},"title":"Comun\u00edcate con nosotros","author":"Omarman","date":"December 28, 2006","format":false,"excerpt":"Hay varias formas de ponerse en contacto con nosotros: Escr\u00edbenos a nuestra direcci\u00f3n de correo: comicgeekos (arroba) gmail.com. Anastacio recibe y organiza todos los correos que recibimos cada semana y nos prepara el listado de correos que leemos en el show. Si no leemos su correo, sigan intentando. Ayuda mucho\u2026","rel":"","context":"In &quot;noticias&quot;","block_context":{"text":"noticias","link":"https:\/\/www.comicgeekos.com\/blog\/category\/noticias\/"},"img":{"alt_text":"","src":"https:\/\/i0.wp.com\/comicgeekos.com\/blog\/wp-content\/uploads\/2006\/12\/iStock_000010412786Smaller.jpg?resize=350%2C200","width":350,"height":200},"classes":[]},{"id":17822,"url":"https:\/\/www.comicgeekos.com\/blog\/listado-de-episodios\/","url_meta":{"origin":12495,"position":1},"title":"Listado de episodios","author":"ticoman","date":"September 19, 2014","format":false,"excerpt":"Aqu\u00ed est\u00e1n todos los episodios de Comic Geekos en un solo y (ojal\u00e1) conveniente listado, con su respectivo enlace al post original. Si hay enlace roto o episodio que no baja nos pueden poner el comentario aqu\u00ed o siempre a comicgeekos (arroba) gmail.com! EDIT: Debido al costo de hosting para\u2026","rel":"","context":"With 9 comments","block_context":{"text":"With 9 comments","link":"https:\/\/www.comicgeekos.com\/blog\/listado-de-episodios\/#comments"},"img":{"alt_text":"","src":"","width":0,"height":0},"classes":[]},{"id":281,"url":"https:\/\/www.comicgeekos.com\/blog\/album-de-fotos\/","url_meta":{"origin":12495,"position":2},"title":"Galer\u00eda de Portadas","author":"Omarman","date":"August 2, 2006","format":false,"excerpt":"A trav\u00e9s de los a\u00f1os hemos tenido la suerte de ser testigos de la creatividad geeka en cuanto a la producci\u00f3n de portadas. Ah\u00ed no contamos nuestros pat\u00e9ticos intentos, que usualmente se resumen en tomar una foto y agregar un texto alusivo al tema del episodio. En lugar de eso\u2026","rel":"","context":"In &quot;noticias&quot;","block_context":{"text":"noticias","link":"https:\/\/www.comicgeekos.com\/blog\/category\/noticias\/"},"img":{"alt_text":"","src":"https:\/\/i0.wp.com\/www.comicgeekos.com\/blog\/wp-content\/uploads\/2014\/09\/CG052-150x150.jpg?resize=350%2C200&ssl=1","width":350,"height":200},"classes":[]},{"id":22934,"url":"https:\/\/www.comicgeekos.com\/blog\/playlist-geeko\/","url_meta":{"origin":12495,"position":3},"title":"Playlist Geeko","author":"Omarman","date":"August 18, 2016","format":false,"excerpt":"Esta es la m\u00fasica que aparace en el show o que de alguna forma est\u00e1 relacionada con lo que hacemos en Comic Geekos! \u00a0","rel":"","context":"Similar post","block_context":{"text":"Similar post","link":""},"img":{"alt_text":"","src":"","width":0,"height":0},"classes":[]}],"_links":{"self":[{"href":"https:\/\/www.comicgeekos.com\/blog\/wp-json\/wp\/v2\/pages\/12495","targetHints":{"allow":["GET"]}}],"collection":[{"href":"https:\/\/www.comicgeekos.com\/blog\/wp-json\/wp\/v2\/pages"}],"about":[{"href":"https:\/\/www.comicgeekos.com\/blog\/wp-json\/wp\/v2\/types\/page"}],"author":[{"embeddable":true,"href":"https:\/\/www.comicgeekos.com\/blog\/wp-json\/wp\/v2\/users\/4"}],"replies":[{"embeddable":true,"href":"https:\/\/www.comicgeekos.com\/blog\/wp-json\/wp\/v2\/comments?post=12495"}],"version-history":[{"count":20,"href":"https:\/\/www.comicgeekos.com\/blog\/wp-json\/wp\/v2\/pages\/12495\/revisions"}],"predecessor-version":[{"id":28395,"href":"https:\/\/www.comicgeekos.com\/blog\/wp-json\/wp\/v2\/pages\/12495\/revisions\/28395"}],"wp:attachment":[{"href":"https:\/\/www.comicgeekos.com\/blog\/wp-json\/wp\/v2\/media?parent=12495"}],"curies":[{"name":"wp","href":"https:\/\/api.w.org\/{rel}","templated":true}]}}